{"id":108,"date":"2025-02-20T18:27:12","date_gmt":"2025-02-20T18:27:12","guid":{"rendered":"https:\/\/vicentevela.es\/?page_id=108"},"modified":"2025-05-14T18:10:00","modified_gmt":"2025-05-14T18:10:00","slug":"bio","status":"publish","type":"page","link":"https:\/\/vicentevela.es\/index.php\/bio\/","title":{"rendered":"BIO"},"content":{"rendered":"\n<h2 id=\"gspb_heading-id-gsbp-790bcc6\" class=\"gspb_heading gspb_heading-id-gsbp-790bcc6 \"><\/h2>\n\n\n\n<div class=\"wp-block-media-text is-stacked-on-mobile is-image-fill-element\" style=\"border-width:18px;border-radius:51px;padding-top:var(--wp--preset--spacing--60);padding-right:var(--wp--preset--spacing--40);padding-bottom:var(--wp--preset--spacing--60);padding-left:var(--wp--preset--spacing--40);font-size:16px;grid-template-columns:47% auto\"><figure class=\"wp-block-media-text__media\"><img loading=\"lazy\" decoding=\"async\" width=\"1024\" height=\"998\" src=\"https:\/\/vicentevela.es\/wp-content\/uploads\/2025\/02\/VICENTE-CON-CAM-1024x998.jpg\" alt=\"VICENTE VELA CON CAMARA DE FOTOS\" class=\"wp-image-136 size-full\" style=\"object-position:50% 50%\" srcset=\"https:\/\/vicentevela.es\/wp-content\/uploads\/2025\/02\/VICENTE-CON-CAM-1024x998.jpg 1024w, https:\/\/vicentevela.es\/wp-content\/uploads\/2025\/02\/VICENTE-CON-CAM-300x293.jpg 300w, https:\/\/vicentevela.es\/wp-content\/uploads\/2025\/02\/VICENTE-CON-CAM-768x749.jpg 768w, https:\/\/vicentevela.es\/wp-content\/uploads\/2025\/02\/VICENTE-CON-CAM-1536x1498.jpg 1536w, https:\/\/vicentevela.es\/wp-content\/uploads\/2025\/02\/VICENTE-CON-CAM-2048x1997.jpg 2048w\" sizes=\"auto, (max-width: 1024px) 100vw, 1024px\" \/><\/figure><div class=\"wp-block-media-text__content\">\n<p>Cuando ten\u00eda alrededor de 7 a\u00f1os mi padre me regal\u00f3 una caja de l\u00e1pices de colores como compensaci\u00f3n por haber pasado el tifus y haberlo sobrevivido . Con aquella maravillosa caja, empez\u00f3 mi vida de pintor.<\/p>\n\n\n\n<p>Pronto aprend\u00ed a manejar aquellos l\u00e1pices y establecer con ellos un di\u00e1logo y una experiencia, que en mi caso, se convirti\u00f3 en la expresi\u00f3n que sustituye a la palabra. A partir de aquel momento hice tal cantidad de dibujos, que aquellos elementos terminaron en trozos tan peque\u00f1os que fue imposible seguir dibujando con ellos.<\/p>\n\n\n\n<p>Creo que fue un pasaje importante de mi vida y siempre lo recuerdo como una bella experiencia, como algo que me dej\u00f3 una huella profunda y tal vez el primer est\u00edmulo para comenzar una dif\u00edcil carrera de artista .<\/p>\n\n\n\n<p>Despu\u00e9s, con el tiempo, ya pude comprar otros l\u00e1pices, otros colores y seguir aprendiendo a dibujar, a pintar y a vivir &#8211; no es f\u00e1cil &#8211; sobre todo si se hace el trabajo con honradez y se pone en ello todo el coraz\u00f3n porque a lo largo de la vida se aprenden tantas cosas que adem\u00e1s de vivir hace falta reflexionar variar los esquemas continuamente y estar atento, no solo a lo que sucede fuera sino en lo que est\u00e1 pasando dentro de uno mismo.<\/p>\n\n\n\n<p>Han pasado muchos a\u00f1os desde aquella caja de l\u00e1pices que me regal\u00f3 mi padre y a trav\u00e9s de todo este largo tiempo, la pintura ha seguido siendo el centro de mi inter\u00e9s y de mi existencia -una forma de realizarme- porque al final, cada cuadro termina siendo una nueva aventura, una batalla, un desarrollo de energ\u00edas de las que yo me beneficio -pasa lo mismo que con el alquimista- que a trav\u00e9s de la transmutaci\u00f3n de los elementos se transforma uno a s\u00ed mismo.<\/p>\n\n\n\n<p>Es por eso que quien tiene la fuerza y la humildad de quedarse un poco apartado del desconcierto y los intereses que actualmente dominan el mundo art\u00edstico puede, concentrarse en su creatividad y enriquecer el esp\u00edritu&#8230; porque al final, se llega a la conclusi\u00f3n de que fuera de esto nada es importante, nada cambia nada, ni siquiera la muerte.<\/p>\n\n\n\n<p>Vicente vela<\/p>\n\n\n\n<p>Texto para el cat\u00e1logo de la SALA LUZ\u00c1N, Zaragoza\u00a0 abril del 2002\u00a0\u00a0<\/p>\n<\/div><\/div>\n\n\n\n<div class=\"wp-block-greenshift-blocks-container gspb_container gspb_container-gsbp-730cfc8\" id=\"gspb_container-id-gsbp-730cfc8\"><\/div>\n\n\n\n<p><\/p>\n","protected":false},"excerpt":{"rendered":"<p>Cuando ten\u00eda alrededor de 7 a\u00f1os mi padre me regal\u00f3 una caja de l\u00e1pices de colores como compensaci\u00f3n por haber [&hellip;]<\/p>\n","protected":false},"author":1,"featured_media":0,"parent":0,"menu_order":0,"comment_status":"closed","ping_status":"closed","template":"","meta":{"_gspb_post_css":".gspb_container-id-gsbp-730cfc8{flex-direction:column;box-sizing:border-box}#gspb_container-id-gsbp-730cfc8.gspb_container>p:last-of-type{margin-bottom:0}#gspb_container-id-gsbp-730cfc8.gspb_container{position:relative}","site-sidebar-layout":"default","site-content-layout":"","ast-site-content-layout":"","site-content-style":"default","site-sidebar-style":"default","ast-global-header-display":"","ast-banner-title-visibility":"","ast-main-header-display":"","ast-hfb-above-header-display":"","ast-hfb-below-header-display":"","ast-hfb-mobile-header-display":"","site-post-title":"","ast-breadcrumbs-content":"","ast-featured-img":"","footer-sml-layout":"","theme-transparent-header-meta":"","adv-header-id-meta":"","stick-header-meta":"","header-above-stick-meta":"","header-main-stick-meta":"","header-below-stick-meta":"","astra-migrate-meta-layouts":"default","ast-page-background-enabled":"default","ast-page-background-meta":{"desktop":{"background-color":"var(--ast-global-color-4)","background-image":"","background-repeat":"repeat","background-position":"center center","background-size":"auto","background-attachment":"scroll","background-type":"","background-media":"","overlay-type":"","overlay-color":"","overlay-opacity":"","overlay-gradient":""},"tablet":{"background-color":"","background-image":"","background-repeat":"repeat","background-position":"center center","background-size":"auto","background-attachment":"scroll","background-type":"","background-media":"","overlay-type":"","overlay-color":"","overlay-opacity":"","overlay-gradient":""},"mobile":{"background-color":"","background-image":"","background-repeat":"repeat","background-position":"center center","background-size":"auto","background-attachment":"scroll","background-type":"","background-media":"","overlay-type":"","overlay-color":"","overlay-opacity":"","overlay-gradient":""}},"ast-content-background-meta":{"desktop":{"background-color":"var(--ast-global-color-5)","background-image":"","background-repeat":"repeat","background-position":"center center","background-size":"auto","background-attachment":"scroll","background-type":"","background-media":"","overlay-type":"","overlay-color":"","overlay-opacity":"","overlay-gradient":""},"tablet":{"background-color":"var(--ast-global-color-5)","background-image":"","background-repeat":"repeat","background-position":"center center","background-size":"auto","background-attachment":"scroll","background-type":"","background-media":"","overlay-type":"","overlay-color":"","overlay-opacity":"","overlay-gradient":""},"mobile":{"background-color":"var(--ast-global-color-5)","background-image":"","background-repeat":"repeat","background-position":"center center","background-size":"auto","background-attachment":"scroll","background-type":"","background-media":"","overlay-type":"","overlay-color":"","overlay-opacity":"","overlay-gradient":""}},"footnotes":""},"class_list":["post-108","page","type-page","status-publish","hentry"],"_links":{"self":[{"href":"https:\/\/vicentevela.es\/index.php\/wp-json\/wp\/v2\/pages\/108","targetHints":{"allow":["GET"]}}],"collection":[{"href":"https:\/\/vicentevela.es\/index.php\/wp-json\/wp\/v2\/pages"}],"about":[{"href":"https:\/\/vicentevela.es\/index.php\/wp-json\/wp\/v2\/types\/page"}],"author":[{"embeddable":true,"href":"https:\/\/vicentevela.es\/index.php\/wp-json\/wp\/v2\/users\/1"}],"replies":[{"embeddable":true,"href":"https:\/\/vicentevela.es\/index.php\/wp-json\/wp\/v2\/comments?post=108"}],"version-history":[{"count":5,"href":"https:\/\/vicentevela.es\/index.php\/wp-json\/wp\/v2\/pages\/108\/revisions"}],"predecessor-version":[{"id":423,"href":"https:\/\/vicentevela.es\/index.php\/wp-json\/wp\/v2\/pages\/108\/revisions\/423"}],"wp:attachment":[{"href":"https:\/\/vicentevela.es\/index.php\/wp-json\/wp\/v2\/media?parent=108"}],"curies":[{"name":"wp","href":"https:\/\/api.w.org\/{rel}","templated":true}]}}